{"id":21,"date":"2023-12-12T13:10:20","date_gmt":"2023-12-12T11:10:20","guid":{"rendered":"http:\/\/davidansushi.md\/?page_id=21"},"modified":"2025-09-17T20:36:37","modified_gmt":"2025-09-17T17:36:37","slug":"livrare-si-achitare","status":"publish","type":"page","link":"https:\/\/falesti.davidansushi.md\/ru\/livrare-si-achitare\/","title":{"rendered":"\u0414\u043e\u0441\u0442\u0430\u0432\u043a\u0430 \u0438 \u043e\u043f\u043b\u0430\u0442\u0430"},"content":{"rendered":"<div data-elementor-type=\"wp-page\" data-elementor-id=\"21\" class=\"elementor elementor-21\" data-elementor-post-type=\"page\">\n\t\t\t\t<div class=\"elementor-element elementor-element-bee008a wd-section-stretch e-flex e-con-boxed e-con e-parent\" data-id=\"bee008a\" data-element_type=\"container\" data-settings=\"{&quot;background_background&quot;:&quot;classic&quot;}\">\n\t\t\t\t\t<div class=\"e-con-inner\">\n\t\t\t\t<div class=\"elementor-element elementor-element-10473ec elementor-widget elementor-widget-wd_title\" data-id=\"10473ec\" data-element_type=\"widget\" data-widget_type=\"wd_title.default\">\n\t\t\t\t<div class=\"elementor-widget-container\">\n\t\t\t\t\t\t\t<div class=\"title-wrapper set-mb-s reset-last-child wd-title-color-default wd-title-style-default wd-title-size-default text-left\">\n\n\t\t\t\n\t\t\t<div class=\"liner-continer\">\n\t\t\t\t<h4 class=\"woodmart-title-container title wd-fontsize-l\">Livrare \u0219i achitare<\/h4> \n\t\t\t\t\t\t\t<\/div>\n\n\t\t\t\t\t\t\t<div class=\"title-after_title set-cont-mb-s reset-last-child wd-fontsize-xs\">\n\t\t\t\t\t<p>Livrarea se face zilnic, \u00eentre orele 11:00 \u2013 23:00.<br>Plata produselor se face numerar sau cu cardul, direct la curier.<\/p><p><strong>Livrare \u00een raza ora\u0219ului Ungheni:<\/strong><br>Tarif: 30 lei<br>Livrare gratuit\u0103 pentru comenzi ce dep\u0103\u0219esc valoarea de 500 lei<\/p><p><strong>Livrare \u00een zonele adiacente ora\u0219ului:<\/strong><br>Z\u0103g\u0103rancea: tariful este de 50 lei, nu este disponibil\u0103 op\u021biunea de livrare gratuit\u0103.<\/p>\t\t\t\t<\/div>\n\t\t\t\t\t<\/div>\n\t\t\t\t\t\t<\/div>\n\t\t\t\t<\/div>\n\t\t\t\t\t<\/div>\n\t\t\t\t<\/div>\n\t\t\t\t<\/div>","protected":false},"excerpt":{"rendered":"<p>Livrare \u0219i achitare Livrarea se face zilnic, \u00eentre orele 11:00 \u2013 23:00.Plata produselor se face numerar sau cu cardul, direct<\/p>","protected":false},"author":2,"featured_media":0,"parent":0,"menu_order":0,"comment_status":"closed","ping_status":"closed","template":"","meta":{"footnotes":""},"class_list":["post-21","page","type-page","status-publish","hentry"],"_hostinger_reach_plugin_has_subscription_block":false,"_hostinger_reach_plugin_is_elementor":false,"jetpack_sharing_enabled":true,"_links":{"self":[{"href":"https:\/\/falesti.davidansushi.md\/ru\/wp-json\/wp\/v2\/pages\/21","targetHints":{"allow":["GET"]}}],"collection":[{"href":"https:\/\/falesti.davidansushi.md\/ru\/wp-json\/wp\/v2\/pages"}],"about":[{"href":"https:\/\/falesti.davidansushi.md\/ru\/wp-json\/wp\/v2\/types\/page"}],"author":[{"embeddable":true,"href":"https:\/\/falesti.davidansushi.md\/ru\/wp-json\/wp\/v2\/users\/2"}],"replies":[{"embeddable":true,"href":"https:\/\/falesti.davidansushi.md\/ru\/wp-json\/wp\/v2\/comments?post=21"}],"version-history":[{"count":45,"href":"https:\/\/falesti.davidansushi.md\/ru\/wp-json\/wp\/v2\/pages\/21\/revisions"}],"predecessor-version":[{"id":6460,"href":"https:\/\/falesti.davidansushi.md\/ru\/wp-json\/wp\/v2\/pages\/21\/revisions\/6460"}],"wp:attachment":[{"href":"https:\/\/falesti.davidansushi.md\/ru\/wp-json\/wp\/v2\/media?parent=21"}],"curies":[{"name":"wp","href":"https:\/\/api.w.org\/{rel}","templated":true}]}}